{"id":5227,"date":"2022-04-14T19:32:52","date_gmt":"2022-04-14T19:32:52","guid":{"rendered":"https:\/\/www.distritofoto.com\/?page_id=5227"},"modified":"2026-03-09T17:06:15","modified_gmt":"2026-03-09T23:06:15","slug":"terminosycondiciones","status":"publish","type":"page","link":"https:\/\/www.distritofoto.com\/en\/terminosycondiciones\/","title":{"rendered":"Our Terms and Conditions"},"content":{"rendered":"<div class=\"wpb-content-wrapper\"><div class=\"vc_row wpb_row vc_row-fluid section-default\"><div class=\"wpb_column vc_column_container vc_col-sm-12\"><div class=\"vc_column-inner\"><div class=\"wpb_wrapper\"><div class=\"text-center\"><div class=\"ui-slogan\"><i class=\"ui-decor\"><\/i>We\u2019re here to answer all your questions<i class=\"ui-decor\"><\/i><\/div><h2 class=\"ui-title-block ui-title-block_border ui-title-block_border-right\">Get to know our guarantees<\/h2><\/div>\n\t<div class=\"wpb_text_column wpb_content_element\" >\n\t\t<div class=\"wpb_wrapper\">\n\t\t\t<h1><b>Terms<\/b><b> &amp; <\/b><b>Conditions<\/b><b>:<\/b><\/h1>\n<ul>\n<li class=\"li1\"><span class=\"s2\">*Los precios son en moneda nacional MXN y est\u00e1n sujetos a cambio sin previo aviso.<\/span><\/li>\n<li class=\"li1\"><span class=\"s2\">Los precios est\u00e1n calculados de acuerdo al volumen de trabajo solicitado. Cualquier cambio en la cantidad del trabajo solicitado despu\u00e9s de enviar la cotizaci\u00f3n, se debe recotizar.<\/span><\/li>\n<li style=\"text-align: justify;\">To calculate the price, the following is considered:\n<ul>\n<li>Complejidad del producto\/platillo\/evento\/inmueble.<\/li>\n<li>Expertise del personal.<\/li>\n<li>Project complexity.<\/li>\n<li>Creative concept development.<\/li>\n<\/ul>\n<\/li>\n<li>Drone use is subject to weather conditions (flights are not permitted in winds exceeding 20 km\/h or in rainy conditions) and the general conditions of the flight area (trees, cables, and other objects that may obstruct or endanger the drone\u2019s operation). Likewise, flights are subject to the regulations and restrictions established by the Ministry of Communications and Transportation and the Directorate General of Civil Aeronautics for these aircraft. Use within private properties is subject to physical conditions and any provisions and\/or restrictions imposed by the property owner and\/or operator. The client is responsible for obtaining the necessary permits if required.<br \/>\nAverage flight time per battery is approximately 15 minutes, depending on weather conditions such as humidity, temperature, altitude above sea level, wind, and atmospheric temperature, among other factors. Approximately 5 minutes are required to change the battery and perform a general check.<\/li>\n<li class=\"li1\"><span class=\"s2\">Las fotograf\u00edas y videos se entregan en los formatos especificados en los entregables. La entrega se realiza a trav\u00e9s de v\u00eda electr\u00f3nica.<\/span><\/li>\n<li class=\"li1\"><span class=\"s2\">En caso de que el material se requiera antes de los tiempos estipulados en la cotizaci\u00f3n, se realizar\u00e1 un cargo por edici\u00f3n urgente.<\/span><\/li>\n<li>If music is required for the video, the corresponding license must be acquired, and the conditions included in such license will apply.<\/li>\n<li class=\"li1\"><span class=\"s2\">La prestaci\u00f3n del servicio as\u00ed como t<\/span>odo el material audiovisual derivado del mismo, est\u00e1 sujeto a lo dispuesto en la Ley Federal del Derecho de Autor Mexicano.<\/li>\n<li class=\"li1\"><span class=\"s2\">Los gastos de producci\u00f3n como modelos, maquillista, catering, utiler\u00eda, permisos, licencias, scouting, vi\u00e1ticos y cualquier otro elemento no considerado en la cotizaci\u00f3n enviada, generar\u00e1 un cargo extra.<\/span><\/li>\n<li class=\"li1\"><span class=\"s2\">Preliminary work meetings must be held for planning, role assignment, and overall logistics.<\/span><\/li>\n<li class=\"li1\"><span class=\"s2\">Todas las cotizaciones tienen una vigencia de 30 d\u00edas naturales a partir de la fecha de env\u00edo de la misma.<\/span><\/li>\n<li class=\"li1\"><span class=\"s2\">La cobertura del servicio en la CDMX y Area Metropolitana no cotiza vi\u00e1ticos. Fuera de esta zona se deben cotizar vi\u00e1ticos.<\/span><\/li>\n<li class=\"li1\"><span class=\"s2\">Para la realizaci\u00f3n del evento o sesi\u00f3n, se establece un esquema de financiamiento dividido en dos pagos, representando cada uno el 50% del costo total del proyecto:<\/span>\n<ul class=\"ul1\">\n<li class=\"li1\"><span class=\"s2\">Primer Pago: Se efectuar\u00e1 al inicio del proyecto como confirmaci\u00f3n de la contrataci\u00f3n de los servicios. Este pago es necesario para comenzar con el desarrollo del servicio.<br \/>\nSegundo Pago: Se realizar\u00e1 en la semana de la entrega final. Este pago completa el costo total del servicio acordado.<\/span><\/li>\n<\/ul>\n<\/li>\n<li class=\"li1\"><span class=\"s2\">El cliente contar\u00e1 con un plazo de 10 d\u00edas naturales para liquidar las facturas correspondientes a cada uno de los pagos detallados anteriormente.<\/span><\/li>\n<li class=\"li1\"><span class=\"s2\">Para cancelar el proyecto sin cargo por cancelaci\u00f3n se requiere un aviso por correo electr\u00f3nico de<span class=\"Apple-converted-space\">\u00a0 <\/span>24 horas antes de la junta de pre-producci\u00f3n. En caso de no enviar este correo con anticipaci\u00f3n o en caso de cancelar la sesi\u00f3n durante la pre-poducci\u00f3n, producci\u00f3n o post-producci\u00f3n, se cobrar\u00e1 el 100% del proyecto.<\/span><\/li>\n<li class=\"li1\"><span class=\"s2\">Despu\u00e9s de 1 mes entregado el proyecto, cualquier cambio o solicitud de material tendr\u00e1 un costo adicional.<\/span><\/li>\n<li class=\"li1\"><span class=\"s2\">La cotizaci\u00f3n enviada contempla la entrega de materiales editados finales. La entrega de material original de c\u00e1mara (raw footage) no est\u00e1 incluida y, en caso de requerirse, se cotiza de manera independiente.<\/span><\/li>\n<li class=\"li1\"><span class=\"s2\">Cada cotizaci\u00f3n se realiza con la informaci\u00f3n obtenida en el momento de su solicitud. Los costos pueden ajustarse dependiendo de requerimientos adicionales de producci\u00f3n, tiempos de cobertura o cambios en el alcance del proyecto. Adicional, al realizar las juntas de pre-producci\u00f3n se definir\u00e1 mejor el proyecto y cabe la posibilidad de que se generen peque\u00f1as modificaciones al costo las cuales se se\u00f1alaran oportunamente.<\/span><\/li>\n<li class=\"li1\"><span class=\"s2\">Al aceptar cada cotizaci\u00f3n est\u00e1 aceptando todos los t\u00e9rminos y<span class=\"Apple-converted-space\">\u00a0 <\/span>condiciones de la misma.<\/span><\/li>\n<\/ul>\n\n\t\t<\/div>\n\t<\/div>\n\n\t<div class=\"wpb_text_column wpb_content_element\" >\n\t\t<div class=\"wpb_wrapper\">\n\t\t\t<h1 style=\"text-align: justify;\"><b>Guarantees<\/b><b>:<\/b><\/h1>\n<ul>\n<li style=\"text-align: justify;\">Todo trabajo una vez entregado, cuenta con 1 mes de garant\u00eda a partir de la fecha de entrega para solicitar cualquier correcci\u00f3n o retoque en <strong>post-production<\/strong>.<\/li>\n<li style=\"text-align: justify;\">Pasado este mes ya no aplica la garant\u00eda, quedando pendiente la entrega de los cambios solicitados durante el per\u00edodo de la garant\u00eda.<\/li>\n<li style=\"text-align: justify;\">En caso de ser requerido alg\u00fan cambio en las fotograf\u00edas, videos o entregables despu\u00e9s de haberse concluido el tiempo de garant\u00eda, cada cambio tendr\u00e1 un costo adicional al proyecto.<\/li>\n<li>En el caso del video se cuenta con derecho a dos revisiones v\u00eda web antes de la entrega final, y 1 mes de garant\u00eda a partir de la fecha de entrega para solicitar cualquier correcci\u00f3n o retoque en post-producci\u00f3n.<\/li>\n<li>En caso de ser requerido alg\u00fan cambio en los videos una vez concluida la garant\u00eda, cada cambio adicional tendr\u00e1 un costo extra.<\/li>\n<\/ul>\n\n\t\t<\/div>\n\t<\/div>\n<\/div><\/div><\/div><\/div><div data-vc-full-width=\"true\" data-vc-full-width-init=\"false\" class=\"vc_row wpb_row vc_row-fluid section-default bg-grey vc_custom_1649967281203 vc_row-has-fill\"><div class=\"wpb_column vc_column_container vc_col-sm-9\"><div class=\"vc_column-inner\"><div class=\"wpb_wrapper\">\n\t<div class=\"wpb_text_column wpb_content_element\" >\n\t\t<div class=\"wpb_wrapper\">\n\t\t\t<p style=\"text-align: center;\"><span style=\"font-family: georgia, palatino, serif; font-size: 20px; color: #000000;\"><strong>Do you have any doubts or questions?<\/strong><\/span><\/p>\n\n\t\t<\/div>\n\t<\/div>\n<\/div><\/div><\/div><div class=\"wpb_column vc_column_container vc_col-sm-3\"><div class=\"vc_column-inner\"><div class=\"wpb_wrapper\"><div class=\"vc_btn3-container vc_btn3-inline vc_do_btn\" ><a onmouseleave=\"this.style.borderColor='#666666'; this.style.backgroundColor='transparent'; this.style.color='#666666'\" onmouseenter=\"this.style.borderColor='#666666'; this.style.backgroundColor='#666666'; this.style.color='#ffffff';\" style=\"border-color:#666666; color:#666666;\" class=\"vc_general vc_btn3 vc_btn3-size-md vc_btn3-shape-rounded vc_btn3-style-outline-custom\" href=\"https:\/\/www.distritofoto.com\/en\/contacto\/\" title=\"\">Contact us!<\/a><\/div><\/div><\/div><\/div><\/div><div class=\"vc_row-full-width vc_clearfix\"><\/div>\n<script language='javascript' type='text\/javascript'>function getWR360PopupSkin(){return 'light_clean';}<\/script><\/div>","protected":false},"excerpt":{"rendered":"Estamos listos para resolver todas tus dudasConoce nuestras garant\u00edas T\u00e9rminos y condiciones: *Los precios son en moneda nacional MXN y est\u00e1n sujetos a cambio sin previo aviso. Los precios est\u00e1n calculados de acuerdo al volumen de trabajo solicitado. Cualquier cambio en la cantidad del trabajo solicitado despu\u00e9s de enviar la cotizaci\u00f3n, se debe recotizar. Para [...]","protected":false},"author":2,"featured_media":0,"parent":0,"menu_order":0,"comment_status":"closed","ping_status":"closed","template":"templates\/home_template.php","meta":{"_acf_changed":false,"advgb_blocks_editor_width":"","advgb_blocks_columns_visual_guide":"","footnotes":""},"class_list":["post-5227","page","type-page","status-publish","hentry"],"acf":[],"coauthors":[],"author_meta":{"author_link":"https:\/\/www.distritofoto.com\/en\/author\/rubi\/","display_name":"Rubi"},"relative_dates":{"created":"Posted 4 years ago","modified":"Updated 1 month ago"},"absolute_dates":{"created":"Posted on April 14, 2022","modified":"Updated on March 9, 2026"},"absolute_dates_time":{"created":"Posted on April 14, 2022 7:32 pm","modified":"Updated on March 9, 2026 5:06 pm"},"featured_img_caption":"","featured_img":false,"series_order":"","jetpack_sharing_enabled":true,"jetpack_shortlink":"https:\/\/wp.me\/P6XwXQ-1mj","_links":{"self":[{"href":"https:\/\/www.distritofoto.com\/en\/wp-json\/wp\/v2\/pages\/5227","targetHints":{"allow":["GET"]}}],"collection":[{"href":"https:\/\/www.distritofoto.com\/en\/wp-json\/wp\/v2\/pages"}],"about":[{"href":"https:\/\/www.distritofoto.com\/en\/wp-json\/wp\/v2\/types\/page"}],"author":[{"embeddable":true,"href":"https:\/\/www.distritofoto.com\/en\/wp-json\/wp\/v2\/users\/2"}],"replies":[{"embeddable":true,"href":"https:\/\/www.distritofoto.com\/en\/wp-json\/wp\/v2\/comments?post=5227"}],"version-history":[{"count":6,"href":"https:\/\/www.distritofoto.com\/en\/wp-json\/wp\/v2\/pages\/5227\/revisions"}],"predecessor-version":[{"id":5720,"href":"https:\/\/www.distritofoto.com\/en\/wp-json\/wp\/v2\/pages\/5227\/revisions\/5720"}],"wp:attachment":[{"href":"https:\/\/www.distritofoto.com\/en\/wp-json\/wp\/v2\/media?parent=5227"}],"curies":[{"name":"wp","href":"https:\/\/api.w.org\/{rel}","templated":true}]}}