{"id":5242,"date":"2022-04-14T20:20:19","date_gmt":"2022-04-14T20:20:19","guid":{"rendered":"https:\/\/www.distritofoto.com\/?page_id=5242"},"modified":"2022-04-14T20:27:06","modified_gmt":"2022-04-14T20:27:06","slug":"privacidad","status":"publish","type":"page","link":"https:\/\/www.distritofoto.com\/en\/privacidad\/","title":{"rendered":"Our Privacy Policy"},"content":{"rendered":"<div class=\"wpb-content-wrapper\"><div class=\"vc_row wpb_row vc_row-fluid section-default\"><div class=\"wpb_column vc_column_container vc_col-sm-12\"><div class=\"vc_column-inner\"><div class=\"wpb_wrapper\"><div class=\"text-center\"><div class=\"ui-slogan\"><i class=\"ui-decor\"><\/i>We\u2019re here to answer all your questions<i class=\"ui-decor\"><\/i><\/div><h2 class=\"ui-title-block ui-title-block_border ui-title-block_border-right\">Read our Privacy Policy<\/h2><\/div>\n\t<div class=\"wpb_text_column wpb_content_element\" >\n\t\t<div class=\"wpb_wrapper\">\n\t\t\t<h2 style=\"text-align: center;\">Our Privacy Policy<\/h2>\n<p>&nbsp;<\/p>\n<p style=\"text-align: justify;\"><span style=\"font-family: helvetica, arial, sans-serif;\"><strong>Distrito Foto<\/strong>, with registered address at Av. Lomas Verdes 825, Int. 227, Lomas Verdes 3rd Section, Naucalpan de Ju\u00e1rez, C.P. 53125, State of Mexico, Mexico, and its internet portals <strong>www.distritofoto.com<\/strong>, <strong>www.fotodeproducto.com<\/strong> and its subdomains are responsible for the use and protection of your personal data, and in this regard we inform you of the following:<\/span><\/p>\n<p style=\"text-align: justify;\"><span style=\"font-family: helvetica, arial, sans-serif;\"><strong>For what purposes will we use your personal data?<\/strong><\/span><\/p>\n<p style=\"text-align: justify;\"><span style=\"font-family: helvetica, arial, sans-serif;\"> The personal data we collect from you will be used for the following purposes, which are necessary for the service you request:<\/span><\/p>\n<ul>\n<li><span style=\"font-family: helvetica, arial, sans-serif;\">To provide quotations and carry out sales.<\/span><\/li>\n<li><span style=\"font-family: helvetica, arial, sans-serif;\">Provision and delivery of the service.<\/span><\/li>\n<li><span style=\"font-family: helvetica, arial, sans-serif;\">Creation of the client file for purposes of contracting, invoicing, collection, and communication.<\/span><\/li>\n<li><span style=\"font-family: helvetica, arial, sans-serif;\">To address questions, clarifications, complaints, and suggestions, as well as to respond to them.<\/span><\/li>\n<li><span style=\"font-family: helvetica, arial, sans-serif;\">Evaluation of service quality.<\/span><\/li>\n<\/ul>\n<p><span style=\"font-family: helvetica, arial, sans-serif;\">Additionally, we will use your personal information for the following secondary purposes, wich are <strong>not necessary<\/strong> for the requested service, but which allow us to provide you with better care:<\/span><\/p>\n<ul>\n<li><span style=\"font-family: helvetica, arial, sans-serif;\">To inform about the services and promotions we offer.<\/span><\/li>\n<li><span style=\"font-family: helvetica, arial, sans-serif;\">Enrollment in our loyalty programs.<\/span><\/li>\n<li><span style=\"font-family: helvetica, arial, sans-serif;\">Invitation to participate in events, courses, and activities.<\/span><\/li>\n<li><span style=\"font-family: helvetica, arial, sans-serif;\">Commercial prospecting activities.<\/span><\/li>\n<\/ul>\n<p style=\"text-align: justify;\"><span style=\"font-family: helvetica, arial, sans-serif;\">In case you do not wish your personal data to be used for these secondary purposes, you must submit the corresponding request to the email address privacidad@distritofoto.com, providing the full name of the data subject or their legal representative, a valid official identification document, and a clear and precise description of the secondary purposes for which you do not consent to the use of your personal data.<\/span><\/p>\n<p style=\"text-align: justify;\"><span style=\"font-family: helvetica, arial, sans-serif;\">Your refusal to consent to the use of your personal data for these purposes will not constitute grounds for denying you the services and products you request or contract with us.<\/span><\/p>\n<p style=\"text-align: justify;\"><span style=\"font-family: helvetica, arial, sans-serif;\"><strong>What personal data will be processed for these purposes?\"<\/strong><\/span><\/p>\n<p style=\"text-align: justify;\"><span style=\"font-family: helvetica, arial, sans-serif;\">To carry out the purposes described in this privacy notice, we will use the following personal data:<\/span><\/p>\n<ul style=\"text-align: justify;\">\n<li><span style=\"font-family: helvetica, arial, sans-serif;\">Identification data.<\/span><\/li>\n<li><span style=\"font-family: helvetica, arial, sans-serif;\">Contact data.<\/span><\/li>\n<li><span style=\"font-family: helvetica, arial, sans-serif;\">Physical characteristics data.<\/span><\/li>\n<li><span style=\"font-family: helvetica, arial, sans-serif;\">Employment data.<\/span><\/li>\n<li><span style=\"font-family: helvetica, arial, sans-serif;\">Immigration data.<\/span><\/li>\n<li><span style=\"font-family: helvetica, arial, sans-serif;\">Asset and\/or financial data.<\/span><\/li>\n<\/ul>\n<p><strong>With whom do we share your personal information and for what purposes?<\/strong><\/p>\n<p style=\"text-align: justify;\">We inform you that your personal data is shared within and outside the country with the following individuals, companies, organizations, or authorities other than us, for the following purposes:<\/p>\n<table border=\"1\" width=\"100%\" cellspacing=\"0\" cellpadding=\"0\">\n<tbody>\n<tr style=\"height: 47px;\">\n<td style=\"height: 47px;\">\n<p style=\"text-align: center;\"><span style=\"font-family: helvetica, arial, sans-serif;\"><strong>Recipient of personal data.<\/strong><\/span><\/p>\n<\/td>\n<td style=\"text-align: center; height: 47px;\"><span style=\"font-family: helvetica, arial, sans-serif;\"><strong>Purpose<\/strong><\/span><\/td>\n<td style=\"text-align: center; height: 47px;\"><span style=\"font-family: helvetica, arial, sans-serif;\"><strong>Requires consent<\/strong><\/span><\/td>\n<\/tr>\n<tr style=\"height: 21px;\">\n<td style=\"height: 21px;\"><span style=\"font-family: helvetica, arial, sans-serif;\">Service providers.<\/span><\/td>\n<td style=\"height: 21px;\"><span style=\"font-family: helvetica, arial, sans-serif;\">For support in our daily operations.<\/span><\/td>\n<td style=\"height: 21px; text-align: center;\"><span style=\"font-family: helvetica, arial, sans-serif;\">YES<\/span><\/td>\n<\/tr>\n<tr style=\"height: 80px;\">\n<td style=\"height: 80px;\"><span style=\"font-family: helvetica, arial, sans-serif;\">Business partners.<\/span><\/td>\n<td style=\"height: 80px;\"><span style=\"font-family: helvetica, arial, sans-serif;\">To provide and complement part of the services we offer.<\/span><\/td>\n<td style=\"height: 80px; text-align: center;\"><span style=\"font-family: helvetica, arial, sans-serif;\">YES<\/span><\/td>\n<\/tr>\n<tr style=\"height: 80px;\">\n<td style=\"height: 80px;\"><span style=\"font-family: helvetica, arial, sans-serif;\">Mexican government authorities.<\/span><\/td>\n<td style=\"height: 80px;\"><span style=\"font-family: helvetica, arial, sans-serif;\">For compliance with tax and legal obligations.<\/span><\/td>\n<td style=\"height: 80px; text-align: center;\"><span style=\"font-family: helvetica, arial, sans-serif;\">YES<\/span><\/td>\n<\/tr>\n<tr style=\"height: 80px;\">\n<td style=\"height: 80px;\"><span style=\"font-family: helvetica, arial, sans-serif;\">Banking institutions.<\/span><\/td>\n<td style=\"height: 80px;\"><span style=\"font-family: helvetica, arial, sans-serif;\">For compliance with financial obligations.<\/span><\/td>\n<td style=\"height: 80px; text-align: center;\"><span style=\"font-family: helvetica, arial, sans-serif;\">YES<\/span><\/td>\n<\/tr>\n<\/tbody>\n<\/table>\n<p style=\"text-align: justify;\"><span style=\"font-family: helvetica, arial, sans-serif;\">We inform you that for the indicated transfers we require obtaining your consent. If you do not express your refusal for such transfers, we will understand that you have granted it to us. You have a period of five business days following the date on which your personal data was obtained to, if applicable, express your refusal regarding the processing for secondary purposes that are not necessary and did not give rise to the legal or commercial relationship with the data controller, as described in this privacy notice.<\/span><\/p>\n<p style=\"text-align: justify;\"><span style=\"font-family: helvetica, arial, sans-serif;\"><strong>How can you access, rectify, or cancel your personal data, or object to its use?<\/strong><\/span><\/p>\n<p style=\"text-align: justify;\"><span style=\"font-family: helvetica, arial, sans-serif;\">You have the right to know what personal data we hold about you, for what purposes we use it, and the conditions of such use. Likewise, you have the right to request the correction of your personal information if it is outdated, inaccurate, or incomplete; to request its deletion from our records or databases when you consider that it is not being used properly; as well as to object to the use of your personal data for specific purposes. These rights are known as ARCO rights (Access, Rectification, Cancellation, and Opposition).<\/span><\/p>\n<p style=\"text-align: justify;\"><span style=\"font-family: helvetica, arial, sans-serif;\">To exercise any of the ARCO rights, you must submit the corresponding request by sending an email to privacidad@distritofoto.com.<\/span><\/p>\n<p style=\"text-align: justify;\"><span style=\"font-family: helvetica, arial, sans-serif;\">Regarding the procedure and requirements for exercising your ARCO rights, we inform you of the following:<\/span><\/p>\n<ol style=\"list-style-type: lower-alpha;\">\n<li><span style=\"font-family: helvetica, arial, sans-serif;\">Through which means can the data subject, and where applicable their representative, prove their identity and the representative\u2019s authority?<br \/>\n<\/span><span style=\"font-family: helvetica, arial, sans-serif;\">A= By means of an official identification document.<\/span><\/li>\n<li><span style=\"font-family: helvetica, arial, sans-serif;\">What information and\/or documentation must the request contain?<br \/>\n<\/span><span style=\"font-family: helvetica, arial, sans-serif;\">A= Full name of the data subject or their legal representative, and a clear and precise description of the personal data regarding which any of the ARCO rights are to be exercised.<\/span><\/li>\n<li><span style=\"font-family: helvetica, arial, sans-serif;\">Within how many days will we respond to your request?<br \/>\n<\/span><span style=\"font-family: helvetica, arial, sans-serif;\">A= Within 20 business days from the date the request is received.<\/span><\/li>\n<li><span style=\"font-family: helvetica, arial, sans-serif;\">By what means will we communicate the response to your request?<br \/>\n<\/span><span style=\"font-family: helvetica, arial, sans-serif;\">A= By email<\/span><\/li>\n<li><span style=\"font-family: helvetica, arial, sans-serif;\">In what formats can the requested personal data be reproduced?<br \/>\n<\/span><span style=\"font-family: helvetica, arial, sans-serif;\">A= In electronic formats.<\/span><\/li>\n<\/ol>\n<p style=\"text-align: justify;\"><span style=\"font-family: helvetica, arial, sans-serif;\">The contact details of the Personal Data Department, which is responsible for processing ARCO rights requests, are as follows:<\/span><\/p>\n<ol style=\"text-align: justify; list-style-type: lower-alpha;\">\n<li><span style=\"font-family: helvetica, arial, sans-serif;\">Administrative Department.<\/span><\/li>\n<li><span style=\"font-family: helvetica, arial, sans-serif;\">Email: privacidad@distritofoto.com<\/span><\/li>\n<\/ol>\n<p style=\"text-align: justify;\"><span style=\"font-family: helvetica, arial, sans-serif;\"><strong>You are entitled to revoke your consent regarding the use of your personal data.<\/strong><\/span><\/p>\n<p style=\"text-align: justify;\"><span style=\"font-family: helvetica, arial, sans-serif;\">You are entitled to revoke the consent you have granted us, if applicable, for the processing of your personal data. However, it is important to note that we may not be able to fulfill your request or immediately cease the use of your data in all cases, as we may be legally required to continue processing certain personal data. Likewise, you should consider that for certain purposes, revoking your consent may mean that we can no longer provide you with the requested service or that your relationship with us may be terminated.<\/span><\/p>\n<p style=\"text-align: justify;\"><span style=\"font-family: helvetica, arial, sans-serif;\">To revoke your consent, you must submit your request by sending an email to privacidad@distritofoto.com<\/span><\/p>\n<p style=\"text-align: justify;\"><span style=\"font-family: helvetica, arial, sans-serif;\">With regard to the procedure and requirements for the revocation of your consent, we inform you of the following:<\/span><\/p>\n<ol>\n<li><span style=\"font-family: helvetica, arial, sans-serif;\">By what means can the data subject, and where applicable their representative, prove their identity and, in the latter case, their legal authority?<br \/>\n<\/span><span style=\"font-family: helvetica, arial, sans-serif;\">A= By means of an official identification document.<\/span><\/li>\n<li><span style=\"font-family: helvetica, arial, sans-serif;\">What information and\/or documentation must the request contain?<br \/>\n<\/span><span style=\"font-family: helvetica, arial, sans-serif;\">A=Full name of the data subject or their legal representative, and a clear and precise description of the revocation request.<\/span><\/li>\n<li><span style=\"font-family: helvetica, arial, sans-serif;\">Within how many days will we respond to your request?<br \/>\n<\/span><span style=\"font-family: helvetica, arial, sans-serif;\">A= Within 20 business days from the date the request is received.<\/span><\/li>\n<li><span style=\"font-family: helvetica, arial, sans-serif;\">By what means will we communicate the response to your request?<br \/>\n<\/span><span style=\"font-family: helvetica, arial, sans-serif;\">A= By email<\/span><\/li>\n<\/ol>\n<p style=\"text-align: justify;\"><span style=\"font-family: helvetica, arial, sans-serif;\"><strong>How can you limit the use or disclosure of your personal information?<\/strong><\/span><\/p>\n<p style=\"text-align: justify;\"><span style=\"font-family: helvetica, arial, sans-serif;\">In order for you to limit the use and disclosure of your personal information, we offer the following means:<\/span><\/p>\n<p style=\"text-align: justify;\"><span style=\"font-family: helvetica, arial, sans-serif;\">By sending an email to privacidad@distritofoto.com, indicating the name of the data subject and\/or the name of the company, and expressing your wish to stop receiving promotional emails.<\/span><\/p>\n<p style=\"text-align: justify;\"><span style=\"font-family: helvetica, arial, sans-serif;\"><strong>How can you learn about changes to this Privacy Notice?<\/strong><\/span><\/p>\n<p style=\"text-align: justify;\"><span style=\"font-family: helvetica, arial, sans-serif;\">This Privacy Notice may undergo modifications, changes, or updates resulting from new legal requirements; from our own needs regarding the products or services we offer; from our privacy practices; from changes in our business model; or for other reasons.<\/span><\/p>\n<p style=\"text-align: justify;\"><span style=\"font-family: helvetica, arial, sans-serif;\">We are committed to keeping you informed about any changes to this Privacy Notice through our website: www.distritofoto.com<\/span><\/p>\n<p style=\"text-align: justify;\"><span style=\"font-family: helvetica, arial, sans-serif;\">The procedure through which notifications regarding changes or updates to this Privacy Notice will be carried out is the updating of our website.<\/span><\/p>\n<p>&nbsp;<\/p>\n<p style=\"text-align: justify;\"><span style=\"font-family: helvetica, arial, sans-serif;\">Last updated: 04\/14\/2022<\/span><\/p>\n\n\t\t<\/div>\n\t<\/div>\n<\/div><\/div><\/div><\/div><div data-vc-full-width=\"true\" data-vc-full-width-init=\"false\" class=\"vc_row wpb_row vc_row-fluid section-default bg-grey vc_custom_1649967281203 vc_row-has-fill\"><div class=\"wpb_column vc_column_container vc_col-sm-9\"><div class=\"vc_column-inner\"><div class=\"wpb_wrapper\">\n\t<div class=\"wpb_text_column wpb_content_element\" >\n\t\t<div class=\"wpb_wrapper\">\n\t\t\t<p style=\"text-align: center;\"><span style=\"font-family: georgia, palatino, serif; font-size: 20px; color: #000000;\"><strong>Do you have any doubts or questions?<\/strong><\/span><\/p>\n\n\t\t<\/div>\n\t<\/div>\n<\/div><\/div><\/div><div class=\"wpb_column vc_column_container vc_col-sm-3\"><div class=\"vc_column-inner\"><div class=\"wpb_wrapper\"><div class=\"vc_btn3-container vc_btn3-inline vc_do_btn\" ><a onmouseleave=\"this.style.borderColor='#666666'; this.style.backgroundColor='transparent'; this.style.color='#666666'\" onmouseenter=\"this.style.borderColor='#666666'; this.style.backgroundColor='#666666'; this.style.color='#ffffff';\" style=\"border-color:#666666; color:#666666;\" class=\"vc_general vc_btn3 vc_btn3-size-md vc_btn3-shape-rounded vc_btn3-style-outline-custom\" href=\"https:\/\/www.distritofoto.com\/en\/contacto\/\" title=\"\">Contact us!<\/a><\/div><\/div><\/div><\/div><\/div><div class=\"vc_row-full-width vc_clearfix\"><\/div>\n<script language='javascript' type='text\/javascript'>function getWR360PopupSkin(){return 'light_clean';}<\/script><\/div>","protected":false},"excerpt":{"rendered":"Estamos listos para resolver todas tus dudasConoce nuestro aviso de privacidad Aviso de Privacidad &nbsp; Distrito Foto, con domicilio en Av. Lomas Verdes 825, Int. 227, Lomas Verdes 3a. Secci\u00f3n, Naucalpan de Ju\u00e1rez, C.P. 53125, Estado de M\u00e9xico, M\u00e9xico, y sus portales de internet www.distritofoto.com, www.fotodeproducto.com y sus subdominios, son los responsables del uso y [...]","protected":false},"author":2,"featured_media":0,"parent":0,"menu_order":0,"comment_status":"closed","ping_status":"closed","template":"templates\/home_template.php","meta":{"_acf_changed":false,"advgb_blocks_editor_width":"","advgb_blocks_columns_visual_guide":"","footnotes":""},"class_list":["post-5242","page","type-page","status-publish","hentry"],"acf":[],"coauthors":[],"author_meta":{"author_link":"https:\/\/www.distritofoto.com\/en\/author\/rubi\/","display_name":"Rubi"},"relative_dates":{"created":"Posted 4 years ago","modified":"Updated 4 years ago"},"absolute_dates":{"created":"Posted on April 14, 2022","modified":"Updated on April 14, 2022"},"absolute_dates_time":{"created":"Posted on April 14, 2022 8:20 pm","modified":"Updated on April 14, 2022 8:27 pm"},"featured_img_caption":"","featured_img":false,"series_order":"","jetpack_sharing_enabled":true,"jetpack_shortlink":"https:\/\/wp.me\/P6XwXQ-1my","_links":{"self":[{"href":"https:\/\/www.distritofoto.com\/en\/wp-json\/wp\/v2\/pages\/5242","targetHints":{"allow":["GET"]}}],"collection":[{"href":"https:\/\/www.distritofoto.com\/en\/wp-json\/wp\/v2\/pages"}],"about":[{"href":"https:\/\/www.distritofoto.com\/en\/wp-json\/wp\/v2\/types\/page"}],"author":[{"embeddable":true,"href":"https:\/\/www.distritofoto.com\/en\/wp-json\/wp\/v2\/users\/2"}],"replies":[{"embeddable":true,"href":"https:\/\/www.distritofoto.com\/en\/wp-json\/wp\/v2\/comments?post=5242"}],"version-history":[{"count":5,"href":"https:\/\/www.distritofoto.com\/en\/wp-json\/wp\/v2\/pages\/5242\/revisions"}],"predecessor-version":[{"id":5249,"href":"https:\/\/www.distritofoto.com\/en\/wp-json\/wp\/v2\/pages\/5242\/revisions\/5249"}],"wp:attachment":[{"href":"https:\/\/www.distritofoto.com\/en\/wp-json\/wp\/v2\/media?parent=5242"}],"curies":[{"name":"wp","href":"https:\/\/api.w.org\/{rel}","templated":true}]}}